{"id":433,"date":"2021-02-16T15:47:26","date_gmt":"2021-02-16T18:47:26","guid":{"rendered":"http:\/\/rcpoles.nexbudev.com\/?page_id=433"},"modified":"2026-04-06T14:28:35","modified_gmt":"2026-04-06T17:28:35","slug":"contacto","status":"publish","type":"page","link":"https:\/\/rcpoles.com\/en\/contacto\/","title":{"rendered":"Contact"},"content":{"rendered":"<div data-elementor-type=\"wp-page\" data-elementor-id=\"433\" class=\"elementor elementor-433\" data-elementor-settings=\"[]\">\n\t\t\t\t\t\t<div class=\"elementor-inner\">\n\t\t\t\t\t\t\t<div class=\"elementor-section-wrap\">\n\t\t\t\t\t\t\t<section class=\"elementor-section elementor-top-section elementor-element elementor-element-68cc9bb elementor-section-stretched elementor-section-boxed elementor-section-height-default elementor-section-height-default\" data-id=\"68cc9bb\" data-element_type=\"section\" data-settings=\"{&quot;stretch_section&quot;:&quot;section-stretched&quot;,&quot;background_background&quot;:&quot;classic&quot;}\">\n\t\t\t\t\t\t<div class=\"elementor-container elementor-column-gap-default\">\n\t\t\t\t\t\t\t<div class=\"elementor-row\">\n\t\t\t\t\t<div class=\"elementor-column elementor-col-100 elementor-top-column elementor-element elementor-element-c645b06\" data-id=\"c645b06\" data-element_type=\"column\">\n\t\t\t<div class=\"elementor-column-wrap elementor-element-populated\">\n\t\t\t\t\t\t\t<div class=\"elementor-widget-wrap\">\n\t\t\t\t\t\t<div class=\"elementor-element elementor-element-2575ef42 animated-slow elementor-invisible elementor-widget elementor-widget-heading\" data-id=\"2575ef42\" data-element_type=\"widget\" data-settings=\"{&quot;_animation&quot;:&quot;fadeInUp&quot;}\" data-widget_type=\"heading.default\">\n\t\t\t\t<div class=\"elementor-widget-container\">\n\t\t\t<h2 class=\"elementor-heading-title elementor-size-default\">CONTACT US<\/h2>\t\t<\/div>\n\t\t\t\t<\/div>\n\t\t\t\t<div class=\"elementor-element elementor-element-5cb3038 animated-slow elementor-invisible elementor-widget elementor-widget-text-editor\" data-id=\"5cb3038\" data-element_type=\"widget\" data-settings=\"{&quot;_animation&quot;:&quot;fadeIn&quot;,&quot;_animation_delay&quot;:400}\" data-widget_type=\"text-editor.default\">\n\t\t\t\t<div class=\"elementor-widget-container\">\n\t\t\t\t\t<div class=\"elementor-text-editor elementor-clearfix\">Write to us and we will contact you as soon as possible.<\/div>\n\t\t\t\t<\/div>\n\t\t\t\t<\/div>\n\t\t\t\t<div class=\"elementor-element elementor-element-cca8b84 pp-icon-list-inline animated-slow pp-icon-left elementor-invisible elementor-widget elementor-widget-pp-icon-list\" data-id=\"cca8b84\" data-element_type=\"widget\" data-settings=\"{&quot;_animation&quot;:&quot;fadeInUp&quot;}\" data-widget_type=\"pp-icon-list.default\">\n\t\t\t\t<div class=\"elementor-widget-container\">\n\t\t\t        <div class=\"pp-list-container\">\n            <ul class=\"pp-list-items pp-inline-items\">\n                                                            <li>\n                            <a href=\"tel:+56978065214\">\t\t\t<span class=\"pp-icon-wrapper\">\n\t\t\t\t<span class=\"pp-icon-list-icon pp-icon\"><i aria-hidden=\"true\" class=\"fas fa-phone-alt\"><\/i><\/span>\t\t\t<\/span>\n\t\t\t<span class=\"pp-icon-list-text\">+56 9 7806 5214<\/span><\/a>                        <\/li>\n                                                                                <li>\n                            <a href=\"mailto:contact@rcpoles.com\">\t\t\t<span class=\"pp-icon-wrapper\">\n\t\t\t\t<span class=\"pp-icon-list-icon pp-icon\"><i aria-hidden=\"true\" class=\"fas fa-envelope\"><\/i><\/span>\t\t\t<\/span>\n\t\t\t<span class=\"pp-icon-list-text\"> contact@rcpoles.com<\/span><\/a>                        <\/li>\n                                                <\/ul>\n        <\/div>\n        \t\t<\/div>\n\t\t\t\t<\/div>\n\t\t\t\t<section class=\"elementor-section elementor-inner-section elementor-element elementor-element-3b5795b elementor-hidden-desktop elementor-hidden-tablet elementor-hidden-phone elementor-section-boxed elementor-section-height-default elementor-section-height-default\" data-id=\"3b5795b\" data-element_type=\"section\">\n\t\t\t\t\t\t<div class=\"elementor-container elementor-column-gap-default\">\n\t\t\t\t\t\t\t<div class=\"elementor-row\">\n\t\t\t\t\t<div class=\"elementor-column elementor-col-33 elementor-inner-column elementor-element elementor-element-e6fd49d\" data-id=\"e6fd49d\" data-element_type=\"column\">\n\t\t\t<div class=\"elementor-column-wrap\">\n\t\t\t\t\t\t\t<div class=\"elementor-widget-wrap\">\n\t\t\t\t\t\t\t\t<\/div>\n\t\t\t\t\t<\/div>\n\t\t<\/div>\n\t\t\t\t<div class=\"elementor-column elementor-col-33 elementor-inner-column elementor-element elementor-element-b4f4c0c\" data-id=\"b4f4c0c\" data-element_type=\"column\">\n\t\t\t<div class=\"elementor-column-wrap elementor-element-populated\">\n\t\t\t\t\t\t\t<div class=\"elementor-widget-wrap\">\n\t\t\t\t\t\t<div class=\"elementor-element elementor-element-20170dd pp-contact-form-7-button-custom elementor-widget elementor-widget-pp-contact-form-7\" data-id=\"20170dd\" data-element_type=\"widget\" data-widget_type=\"pp-contact-form-7.default\">\n\t\t\t\t<div class=\"elementor-widget-container\">\n\t\t\t                <div class=\"pp-contact-form pp-contact-form-7 placeholder-show\">\n                                        <div role=\"form\" class=\"wpcf7\" id=\"wpcf7-f438-o1\" lang=\"es-CL\" dir=\"ltr\">\n<div class=\"screen-reader-response\"><p role=\"status\" aria-live=\"polite\" aria-atomic=\"true\"><\/p> <ul><\/ul><\/div>\n<form action=\"\/en\/wp-json\/wp\/v2\/pages\/433#wpcf7-f438-o1\" method=\"post\" class=\"wpcf7-form init\" novalidate=\"novalidate\" data-status=\"init\" data-trp-original-action=\"\/en\/wp-json\/wp\/v2\/pages\/433#wpcf7-f438-o1\">\n<div style=\"display: none;\">\n<input type=\"hidden\" name=\"_wpcf7\" value=\"438\" \/>\n<input type=\"hidden\" name=\"_wpcf7_version\" value=\"5.4\" \/>\n<input type=\"hidden\" name=\"_wpcf7_locale\" value=\"es_CL\" \/>\n<input type=\"hidden\" name=\"_wpcf7_unit_tag\" value=\"wpcf7-f438-o1\" \/>\n<input type=\"hidden\" name=\"_wpcf7_container_post\" value=\"0\" \/>\n<input type=\"hidden\" name=\"_wpcf7_posted_data_hash\" value=\"\" \/>\n<\/div>\n<div id=\"contacto_rcpoles\">\n<div id=\"responsive-form\" class=\"clearfix\">\n<div class=\"form-row\">\n<div class=\"column-half\">Name <span class=\"wpcf7-form-control-wrap nombre\"><input type=\"text\" name=\"nombre\" value=\"\" size=\"40\" class=\"wpcf7-form-control wpcf7-text wpcf7-validates-as-required\" aria-required=\"true\" aria-invalid=\"false\" placeholder=\"Name\" \/><\/span><\/div>\n<div class=\"column-half\">Phone <span class=\"wpcf7-form-control-wrap telefono\"><input type=\"text\" name=\"telefono\" value=\"\" size=\"40\" class=\"wpcf7-form-control wpcf7-text wpcf7-validates-as-required\" aria-required=\"true\" aria-invalid=\"false\" placeholder=\"Phone\" \/><\/span><\/div>\n<\/div>\n<div class=\"form-row\">\n<div class=\"column-half\">Email <span class=\"wpcf7-form-control-wrap email\"><input type=\"email\" name=\"email\" value=\"\" size=\"40\" class=\"wpcf7-form-control wpcf7-text wpcf7-email wpcf7-validates-as-required wpcf7-validates-as-email\" aria-required=\"true\" aria-invalid=\"false\" placeholder=\"Email\" \/><\/span><\/div>\n<div class=\"column-half\">Country <span class=\"wpcf7-form-control-wrap pais\"><input type=\"text\" name=\"pais\" value=\"\" size=\"40\" class=\"wpcf7-form-control wpcf7-text wpcf7-validates-as-required\" aria-required=\"true\" aria-invalid=\"false\" placeholder=\"Country\" \/><\/span><\/div>\n<\/div>\n<div class=\"form-row\">\n<div class=\"column-half\">Localidad <span class=\"wpcf7-form-control-wrap ciudad\"><input type=\"text\" name=\"ciudad\" value=\"\" size=\"40\" class=\"wpcf7-form-control wpcf7-text wpcf7-validates-as-required\" aria-required=\"true\" aria-invalid=\"false\" placeholder=\"Localidad\" \/><\/span><\/div>\n<div class=\"column-half\">Sector <span class=\"wpcf7-form-control-wrap rubro\"><select name=\"rubro\" class=\"wpcf7-form-control wpcf7-select wpcf7-validates-as-required\" aria-required=\"true\" aria-invalid=\"false\"><option value=\"\">Select an sector<\/option><option value=\"Postes telecomunicaciones\">Telecommunications poles<\/option><option value=\"Postes electricos\">Postes electricos<\/option><option value=\"Otro\">Other<\/option><\/select><\/span><\/div>\n<\/div>\n<div class=\"form-row\">\n<div class=\"column-full\">Write your message <span class=\"wpcf7-form-control-wrap mensaje\"><textarea name=\"mensaje\" cols=\"40\" rows=\"10\" class=\"wpcf7-form-control wpcf7-textarea wpcf7-validates-as-required\" aria-required=\"true\" aria-invalid=\"false\" placeholder=\"Write your message\"><\/textarea><\/span><\/div>\n<\/div>\n<div class=\"form-row\">\n<div class=\"column-full\"><input type=\"submit\" value=\"Send\" class=\"wpcf7-form-control wpcf7-submit\" \/><\/div>\n<\/div>\n<\/div>\n<\/div>\n<div class=\"wpcf7-response-output\" aria-hidden=\"true\"><\/div><input type=\"hidden\" name=\"trp-form-language\" value=\"en\"\/><\/form><\/div>                <\/div>\n                \t\t<\/div>\n\t\t\t\t<\/div>\n\t\t\t\t\t\t<\/div>\n\t\t\t\t\t<\/div>\n\t\t<\/div>\n\t\t\t\t<div class=\"elementor-column elementor-col-33 elementor-inner-column elementor-element elementor-element-0ad341c\" data-id=\"0ad341c\" data-element_type=\"column\">\n\t\t\t<div class=\"elementor-column-wrap\">\n\t\t\t\t\t\t\t<div class=\"elementor-widget-wrap\">\n\t\t\t\t\t\t\t\t<\/div>\n\t\t\t\t\t<\/div>\n\t\t<\/div>\n\t\t\t\t\t\t\t\t<\/div>\n\t\t\t\t\t<\/div>\n\t\t<\/section>\n\t\t\t\t\t\t<\/div>\n\t\t\t\t\t<\/div>\n\t\t<\/div>\n\t\t\t\t\t\t\t\t<\/div>\n\t\t\t\t\t<\/div>\n\t\t<\/section>\n\t\t\t\t\t\t<\/div>\n\t\t\t\t\t\t<\/div>\n\t\t\t\t\t<\/div>","protected":false},"excerpt":{"rendered":"<p>CONT\u00c1CTANOS Escr\u00edbenos y nos contactaremos contigo a la brevedad. +56 9 7806 5214 contact@rcpoles.com Die Anforderungen an eine Bachelorarbeit sind oft hoch, und viele Studierende sto\u00dfen an ihre Grenzen, wenn es um das Schreiben dieser wichtigen Abschlussarbeit geht. In solchen F\u00e4llen kann die Beauftragung eines Ghostwriters eine sinnvolle L\u00f6sung darstellen. Doch wie viel kostet ein [&hellip;]<\/p>","protected":false},"author":1,"featured_media":0,"parent":0,"menu_order":0,"comment_status":"closed","ping_status":"closed","template":"","meta":[],"yoast_head":"<!-- This site is optimized with the Yoast SEO plugin v16.1.1 - https:\/\/yoast.com\/wordpress\/plugins\/seo\/ -->\n<title>Contacto - RC POLES<\/title>\n<meta property=\"og:locale\" content=\"en_US\" \/>\n<meta property=\"og:type\" content=\"article\" \/>\n<meta property=\"og:title\" content=\"Contacto - RC POLES\" \/>\n<meta property=\"og:description\" content=\"CONT\u00c1CTANOS Escr\u00edbenos y nos contactaremos contigo a la brevedad. +56 9 7806 5214 contact@rcpoles.com Die Anforderungen an eine Bachelorarbeit sind oft hoch, und viele Studierende sto\u00dfen an ihre Grenzen, wenn es um das Schreiben dieser wichtigen Abschlussarbeit geht. In solchen F\u00e4llen kann die Beauftragung eines Ghostwriters eine sinnvolle L\u00f6sung darstellen. Doch wie viel kostet ein [&hellip;]\" \/>\n<meta property=\"og:url\" content=\"https:\/\/rcpoles.com\/en\/contacto\/\" \/>\n<meta property=\"og:site_name\" content=\"RC POLES\" \/>\n<meta property=\"article:modified_time\" content=\"2026-04-06T17:28:35+00:00\" \/>\n<meta property=\"og:image\" content=\"https:\/\/premiumghostwriter.de\/wp-content\/themes\/ghostwriterbillig\/img\/prem-logo.webp\" \/>\n<meta name=\"twitter:card\" content=\"summary_large_image\" \/>\n<meta name=\"twitter:label1\" content=\"Est. reading time\">\n\t<meta name=\"twitter:data1\" content=\"1 minute\">\n<script type=\"application\/ld+json\" class=\"yoast-schema-graph\">{\"@context\":\"https:\/\/schema.org\",\"@graph\":[{\"@type\":\"WebSite\",\"@id\":\"https:\/\/rcpoles.com\/#website\",\"url\":\"https:\/\/rcpoles.com\/\",\"name\":\"RC POLES\",\"description\":\"Otro sitio de WordPress\",\"potentialAction\":[{\"@type\":\"SearchAction\",\"target\":\"https:\/\/rcpoles.com\/?s={search_term_string}\",\"query-input\":\"required name=search_term_string\"}],\"inLanguage\":\"en-US\"},{\"@type\":\"ImageObject\",\"@id\":\"https:\/\/rcpoles.com\/contacto\/#primaryimage\",\"inLanguage\":\"en-US\",\"url\":\"https:\/\/premiumghostwriter.de\/wp-content\/themes\/ghostwriterbillig\/img\/prem-logo.webp\",\"contentUrl\":\"https:\/\/premiumghostwriter.de\/wp-content\/themes\/ghostwriterbillig\/img\/prem-logo.webp\"},{\"@type\":\"WebPage\",\"@id\":\"https:\/\/rcpoles.com\/contacto\/#webpage\",\"url\":\"https:\/\/rcpoles.com\/contacto\/\",\"name\":\"Contacto - RC POLES\",\"isPartOf\":{\"@id\":\"https:\/\/rcpoles.com\/#website\"},\"primaryImageOfPage\":{\"@id\":\"https:\/\/rcpoles.com\/contacto\/#primaryimage\"},\"datePublished\":\"2021-02-16T18:47:26+00:00\",\"dateModified\":\"2026-04-06T17:28:35+00:00\",\"breadcrumb\":{\"@id\":\"https:\/\/rcpoles.com\/contacto\/#breadcrumb\"},\"inLanguage\":\"en-US\",\"potentialAction\":[{\"@type\":\"ReadAction\",\"target\":[\"https:\/\/rcpoles.com\/contacto\/\"]}]},{\"@type\":\"BreadcrumbList\",\"@id\":\"https:\/\/rcpoles.com\/contacto\/#breadcrumb\",\"itemListElement\":[{\"@type\":\"ListItem\",\"position\":1,\"item\":{\"@type\":\"WebPage\",\"@id\":\"https:\/\/rcpoles.com\/\",\"url\":\"https:\/\/rcpoles.com\/\",\"name\":\"Portada\"}},{\"@type\":\"ListItem\",\"position\":2,\"item\":{\"@type\":\"WebPage\",\"@id\":\"https:\/\/rcpoles.com\/contacto\/\",\"url\":\"https:\/\/rcpoles.com\/contacto\/\",\"name\":\"Contacto\"}}]}]}<\/script>\n<!-- \/ Yoast SEO plugin. -->","_links":{"self":[{"href":"https:\/\/rcpoles.com\/en\/wp-json\/wp\/v2\/pages\/433"}],"collection":[{"href":"https:\/\/rcpoles.com\/en\/wp-json\/wp\/v2\/pages"}],"about":[{"href":"https:\/\/rcpoles.com\/en\/wp-json\/wp\/v2\/types\/page"}],"author":[{"embeddable":true,"href":"https:\/\/rcpoles.com\/en\/wp-json\/wp\/v2\/users\/1"}],"replies":[{"embeddable":true,"href":"https:\/\/rcpoles.com\/en\/wp-json\/wp\/v2\/comments?post=433"}],"version-history":[{"count":25,"href":"https:\/\/rcpoles.com\/en\/wp-json\/wp\/v2\/pages\/433\/revisions"}],"predecessor-version":[{"id":29347,"href":"https:\/\/rcpoles.com\/en\/wp-json\/wp\/v2\/pages\/433\/revisions\/29347"}],"wp:attachment":[{"href":"https:\/\/rcpoles.com\/en\/wp-json\/wp\/v2\/media?parent=433"}],"curies":[{"name":"wp","href":"https:\/\/api.w.org\/{rel}","templated":true}]}}